{"id":114,"date":"2019-04-12T06:14:38","date_gmt":"2019-04-12T06:14:38","guid":{"rendered":"http:\/\/websitesdemo.net\/nordest-trade_wp\/?page_id=114"},"modified":"2025-09-02T12:57:29","modified_gmt":"2025-09-02T12:57:29","slug":"privacy-policy","status":"publish","type":"page","link":"https:\/\/nordest-trade.com\/en\/privacy-policy\/","title":{"rendered":"Privacy Policy"},"content":{"rendered":"<p>[vc_row css=&#8221;.vc_custom_1555049776645{padding-top: 70px !important;padding-bottom: 40px !important;}&#8221;][vc_column][vc_custom_heading text=&#8221;Privacy Policy (According to the Finnish Law)&#8221; use_theme_fonts=&#8221;yes&#8221;][vc_column_text]T\u00e4m\u00e4 on Nordest Trade Finland Oy:n henkil\u00f6tietolain (10 ja 24 \u00a7) ja EU:n yleisen tietosuoja-asetuksen (GDPR) mukainen rekisteri- ja tietosuojaseloste.<br \/>\nLaadittu 01.05.2019.<\/p>\n<p>1. REKISTERINPIT\u00c4J\u00c4<br \/>\nNordest Trade Finland Oy<br \/>\nY-tunnus: 2990059-8<br \/>\nAinontie 5 F, 01630 VANTAA<\/p>\n<p>info (at) nordest-trade.com<\/p>\n<p>2. REKISTERIST\u00c4 VASTAAVA YHTEYSHENKIL\u00d6<br \/>\nAntti Martikainen<br \/>\nprivacy (at) nordest-trade.com<\/p>\n<p>3. REKISTERIN NIMI<\/p>\n<p>Asiakas- ja markkinointirekisteri<\/p>\n<p>4. OIKEUSPERUSTE JA HENKIL\u00d6TIETOJEN K\u00c4SITTELYN TARKOITUS<\/p>\n<p>EU:n yleisen tietosuoja-asetuksen mukainen oikeusperuste henkil\u00f6tietojen k\u00e4sittelylle on:<br \/>\n&#8211; henkil\u00f6n suostumus<br \/>\n&#8211; rekisterinpit\u00e4j\u00e4n oikeutettu etu<\/p>\n<p>Henkil\u00f6tietojen k\u00e4sittelyn tarkoitus on yhteydenpito asiakkaisiin, asiakassuhteen yll\u00e4pito, markkinointi.<\/p>\n<p>5. REKISTERIN TIETOSIS\u00c4LT\u00d6<\/p>\n<p>Rekisteriin tallennettavia tietoja ovat muun muassa:<br \/>\n&#8211; henkil\u00f6n nimi<br \/>\n&#8211; yrityksen nimi<br \/>\n&#8211; s\u00e4hk\u00f6postiosoite<br \/>\n&#8211; puhelinnumero<br \/>\n&#8211; yrityksen www-sivuston osoite<br \/>\n&#8211; laskutustiedot<br \/>\n&#8211; verkkoyhteyden IP-osoite<br \/>\n&#8211; viestihistoria asiakkaan kanssa<br \/>\n&#8211; muut asiakassuhteeseen ja tilattuihin palveluihin liittyv\u00e4t tiedot<br \/>\n&#8211; ev\u00e4steet (ks. lis\u00e4\u00e4 t\u00e4m\u00e4n tietosuojaselosteen lopussa)<\/p>\n<p>6. S\u00c4\u00c4NN\u00d6NMUKAISET TIETOL\u00c4HTEET<\/p>\n<p>Rekisteriin tallennettavat tiedot saadaan asiakkaalta www-lomakkeilla l\u00e4hetetyist\u00e4 viesteist\u00e4, s\u00e4hk\u00f6postitse, puhelimitse ja muista tilanteista, joissa asiakas luovuttaa tietojaan.<\/p>\n<p>7. TIETOJEN S\u00c4\u00c4NN\u00d6NMUKAISET LUOVUTUKSET JA TIETOJEN SIIRTO EU:N TAI ETA:N ULKOPUOLELLE<\/p>\n<p>Tietoja ei p\u00e4\u00e4s\u00e4\u00e4nt\u00f6isesti luovuteta muille tahoille, ellei se ole t\u00e4m\u00e4n sivuston ja palvelun yll\u00e4pit\u00e4misen kannalta v\u00e4ltt\u00e4m\u00e4t\u00f6nt\u00e4. Voimme kuitenkin luovuttaa joitakin v\u00e4ltt\u00e4m\u00e4tt\u00f6mi\u00e4 tietoja kolmansille osapuolille t\u00e4m\u00e4n sivuston ja palvelun yll\u00e4pit\u00e4miseksi. Tietoja voidaan julkaista silt\u00e4 osin kuin niin on sovittu asiakkaan kanssa.<\/p>\n<p>Tietoja voidaan siirt\u00e4\u00e4 rekisterinpit\u00e4j\u00e4n toimesta my\u00f6s EU:n tai ETA:n ulkopuolelle.<\/p>\n<p>T\u00e4m\u00e4n sivuston ja palvelun yll\u00e4pit\u00e4miseksi, joitakin tietoja saatetaan luovuttaa muun muassa seuraaville kolmansille osapuolille (mukaan lukien seuraavien yhti\u00f6iden konsernien mahdolliset muut yhti\u00f6t):<br \/>\nApple Inc. (US); Cloudflare, Inc. (US); Facebook, Inc. (US); Google, Inc. (US); Hostinger International, Ltd. (CY); Microsoft Corporation (US); Namecheap, Inc. (US).<\/p>\n<p>Edell\u00e4mainitut kolmannet osapuolet k\u00e4sittelev\u00e4t tietoja omien tietosuojak\u00e4yt\u00e4nteidens\u00e4 mukaisesti.<br \/>\nEdell\u00e4mainittujen yhti\u00f6iden lis\u00e4ksi Rekisterinpit\u00e4j\u00e4 pid\u00e4tt\u00e4\u00e4 oikeuden luovuttaa henkil\u00f6n tietoja my\u00f6s muille kolmansille osapuolille ja yhteisty\u00f6kumppaneille, mik\u00e4li se on tuotteen tai palvelun toimittamiseksi v\u00e4ltt\u00e4m\u00e4t\u00f6nt\u00e4 tai muista syist\u00e4.<\/p>\n<p>8. REKISTERIN SUOJAUKSEN PERIAATTEET<\/p>\n<p>Rekisterin k\u00e4sittelyss\u00e4 noudatetaan huolellisuutta ja tietoj\u00e4rjestelmien avulla k\u00e4sitelt\u00e4v\u00e4t tiedot suojataan asianmukaisesti. Kun rekisteritietoja s\u00e4ilytet\u00e4\u00e4n Internet-palvelimilla, niiden laitteiston fyysisest\u00e4 ja digitaalisesta tietoturvasta huolehditaan asiaankuuluvasti. Rekisterinpit\u00e4j\u00e4 huolehtii siit\u00e4, ett\u00e4 tallennettuja tietoja sek\u00e4 palvelimien k\u00e4ytt\u00f6oikeuksia ja muita henkil\u00f6tietojen turvallisuuden kannalta kriittisi\u00e4 tietoja k\u00e4sitell\u00e4\u00e4n luottamuksellisesti ja vain niiden ty\u00f6ntekij\u00f6iden toimesta, joiden ty\u00f6nkuvaan se kuuluu. Sivusto on SSL-suojattu, ja tietoturvan tarjoaa Cloudflare, Inc. Sivuston tiedot s\u00e4ilytet\u00e4\u00e4n turvallisesti palvelimilla, jotka omistaa Hostinger International, Ltd.<\/p>\n<p>9. TARKASTUSOIKEUS JA OIKEUS VAATIA TIEDON KORJAAMISTA<\/p>\n<p>Jokaisella rekisteriss\u00e4 olevalla henkil\u00f6ll\u00e4 on oikeus tarkistaa rekisteriin tallennetut tietonsa ja vaatia mahdollisen virheellisen tiedon korjaamista tai puutteellisen tiedon t\u00e4ydent\u00e4mist\u00e4. Mik\u00e4li henkil\u00f6 haluaa tarkistaa h\u00e4nest\u00e4 tallennetut tiedot tai vaatia niihin oikaisua, pyynt\u00f6 tulee l\u00e4hett\u00e4\u00e4 s\u00e4hk\u00f6postitse rekisterinpit\u00e4j\u00e4lle. Rekisterinpit\u00e4j\u00e4 voi pyyt\u00e4\u00e4 tarvittaessa pyynn\u00f6n esitt\u00e4j\u00e4\u00e4 todistamaan henkil\u00f6llisyytens\u00e4. Rekisterinpit\u00e4j\u00e4 vastaa asiakkaalle EU:n tietosuoja-asetuksessa s\u00e4\u00e4detyss\u00e4 ajassa (p\u00e4\u00e4s\u00e4\u00e4nt\u00f6isesti kuukauden kuluessa).<\/p>\n<p>10. MUUT HENKIL\u00d6TIETOJEN K\u00c4SITTELYYN LIITTYV\u00c4T OIKEUDET<\/p>\n<p>Rekisteriss\u00e4 olevalla henkil\u00f6ll\u00e4 on oikeus pyyt\u00e4\u00e4 h\u00e4nt\u00e4 koskevien henkil\u00f6tietojen poistamiseen rekisterist\u00e4 (&#8220;oikeus tulla unohdetuksi&#8221;). Niin ik\u00e4\u00e4n rekister\u00f6idyill\u00e4 on muut EU:n yleisen tietosuoja-asetuksen mukaiset oikeudet kuten henkil\u00f6tietojen k\u00e4sittelyn rajoittaminen tietyiss\u00e4 tilanteissa. Pyynn\u00f6t tulee l\u00e4hett\u00e4\u00e4 s\u00e4hk\u00f6postitse rekisterinpit\u00e4j\u00e4lle. Rekisterinpit\u00e4j\u00e4 voi pyyt\u00e4\u00e4 tarvittaessa pyynn\u00f6n esitt\u00e4j\u00e4\u00e4 todistamaan henkil\u00f6llisyytens\u00e4. Rekisterinpit\u00e4j\u00e4 vastaa asiakkaalle EU:n tietosuoja-asetuksessa s\u00e4\u00e4detyss\u00e4 ajassa (p\u00e4\u00e4s\u00e4\u00e4nt\u00f6isesti kuukauden kuluessa).<\/p>\n<p>SIVUSTON EV\u00c4STEK\u00c4YT\u00c4NT\u00d6<\/p>\n<p>Mik\u00e4 on ev\u00e4ste?<br \/>\nEv\u00e4ste (joskus my\u00f6s &#8220;keksi&#8221; tai &#8220;cookie&#8221;) on pieni tiedosto, joka varastoi tietokoneelle tietoa sivustosta, jolla k\u00e4vij\u00e4 on vieraillut. Ev\u00e4steet auttavat sivustoja parantamaan palveluaan, arvioimaan sivuston k\u00e4vij\u00e4m\u00e4\u00e4ri\u00e4 ja k\u00e4ytt\u00f6\u00e4, varastoimaan k\u00e4vij\u00f6iden omia asetuksia ja tunnistamaan sivustolle palaavia k\u00e4vij\u00f6it\u00e4.<\/p>\n<p>Rekisterinpit\u00e4j\u00e4 k\u00e4ytt\u00e4\u00e4 ev\u00e4steit\u00e4 www.nordest-trade.com -sivustolla (j\u00e4ljemp\u00e4n\u00e4 &#8220;Sivusto&#8221;) ja ilmoittaa niiden k\u00e4ytt\u00f6tarkoituksesta mahdollisimman nopeasti. Sivustoa k\u00e4ytt\u00e4m\u00e4ll\u00e4 sivustolla vieraileva henkil\u00f6 hyv\u00e4ksyy Rekisterinpit\u00e4j\u00e4n tavan k\u00e4ytt\u00e4\u00e4 ev\u00e4steit\u00e4. On mahdollista asettaa selain est\u00e4m\u00e4\u00e4n ev\u00e4steet (tai est\u00e4m\u00e4\u00e4n kolmansien osapuolten ev\u00e4steet), mutta siin\u00e4 tapauksessa Sivusto ei ehk\u00e4 toimi t\u00e4ydellisesti. Sivustolla mainostavat kolmannet osapuolet saattavat my\u00f6s k\u00e4ytt\u00e4\u00e4 ev\u00e4steit\u00e4, mutta Rekisterinpit\u00e4j\u00e4ll\u00e4 ei ole p\u00e4\u00e4sy\u00e4 niihin eik\u00e4 voi hallita niit\u00e4.<\/p>\n<p>Miksi Sivusto k\u00e4ytt\u00e4\u00e4 ev\u00e4steit\u00e4?<br \/>\nSivusto k\u00e4ytt\u00e4\u00e4 ev\u00e4steit\u00e4 tarjotakseen vierailijoilleen miellytt\u00e4v\u00e4mm\u00e4n kokemuksen ja tuottaakseen palveluitaan. Vain Rekisterinpit\u00e4j\u00e4 k\u00e4ytt\u00e4\u00e4 n\u00e4it\u00e4 henkil\u00f6kohtaisia tietoja; niit\u00e4 ei luovuteta muille osapuolille. Ev\u00e4steiden avulla sivustomme muistaa k\u00e4vij\u00f6idens\u00e4 asetukset ja antaa mahdollisuuden mukauttaa Sivustoa. Ev\u00e4steiden avulla Rekisterinpit\u00e4j\u00e4 selvitt\u00e4\u00e4 my\u00f6s, mit\u00e4 sivuja k\u00e4vij\u00e4t k\u00e4ytt\u00e4v\u00e4t eniten. Rekisterinpit\u00e4j\u00e4 n\u00e4kee esimerkiksi k\u00e4yntien m\u00e4\u00e4r\u00e4n tietyll\u00e4 sivulla tai kuinka moni vierailija etenee ostoprosessin loppuun saakka. N\u00e4iden tietojen avulla ei ole mahdollista tunnistaa tietty\u00e4 vierailijaa, mutta ne auttavat ymm\u00e4rt\u00e4m\u00e4\u00e4n asiakkaidemme tarpeita ja parantamaan Sivuston palvelua.[\/vc_column_text][\/vc_column][\/vc_row]<\/p>","protected":false},"excerpt":{"rendered":"<p>[vc_row css=&#8221;.vc_custom_1555049776645{padding-top: 70px !important;padding-bottom: 40px !important;}&#8221;][vc_column][vc_custom_heading text=&#8221;Privacy Policy (According to the Finnish Law)&#8221; use_theme_fonts=&#8221;yes&#8221;][vc_column_text]T\u00e4m\u00e4 on Nordest Trade Finland Oy:n henkil\u00f6tietolain (10 ja 24 \u00a7) ja EU:n yleisen tietosuoja-asetuksen (GDPR) mukainen rekisteri- ja tietosuojaseloste. Laadittu 01.05.2019. 1. REKISTERINPIT\u00c4J\u00c4 Nordest Trade Finland Oy Y-tunnus: 2990059-8 Ainontie 5 F, 01630 VANTAA info (at) nordest-trade.com 2. REKISTERIST\u00c4 VASTAAVA YHTEYSHENKIL\u00d6 &hellip; <a href=\"https:\/\/nordest-trade.com\/en\/privacy-policy\/\" class=\"more-link\">Continue reading<span class=\"screen-reader-text\"> &#8220;Privacy Policy&#8221;<\/span><\/a><\/p>\n","protected":false},"author":2,"featured_media":0,"parent":0,"menu_order":0,"comment_status":"closed","ping_status":"closed","template":"","meta":{"footnotes":""},"_links":{"self":[{"href":"https:\/\/nordest-trade.com\/en\/wp-json\/wp\/v2\/pages\/114"}],"collection":[{"href":"https:\/\/nordest-trade.com\/en\/wp-json\/wp\/v2\/pages"}],"about":[{"href":"https:\/\/nordest-trade.com\/en\/wp-json\/wp\/v2\/types\/page"}],"author":[{"embeddable":true,"href":"https:\/\/nordest-trade.com\/en\/wp-json\/wp\/v2\/users\/2"}],"replies":[{"embeddable":true,"href":"https:\/\/nordest-trade.com\/en\/wp-json\/wp\/v2\/comments?post=114"}],"version-history":[{"count":14,"href":"https:\/\/nordest-trade.com\/en\/wp-json\/wp\/v2\/pages\/114\/revisions"}],"predecessor-version":[{"id":575,"href":"https:\/\/nordest-trade.com\/en\/wp-json\/wp\/v2\/pages\/114\/revisions\/575"}],"wp:attachment":[{"href":"https:\/\/nordest-trade.com\/en\/wp-json\/wp\/v2\/media?parent=114"}],"curies":[{"name":"wp","href":"https:\/\/api.w.org\/{rel}","templated":true}]}}